{"id":26389,"date":"2022-04-03T23:36:49","date_gmt":"2022-04-04T03:36:49","guid":{"rendered":"https:\/\/elearning2.flightstartsolutions.com\/succes-de-lenregistrement\/"},"modified":"2022-04-03T23:36:49","modified_gmt":"2022-04-04T03:36:49","slug":"succes-de-lenregistrement-ld","status":"publish","type":"page","link":"https:\/\/elearning.flightstartsolutions.com\/index.php\/succes-de-lenregistrement-ld\/","title":{"rendered":"Succ\u00e8s de l&#8217;enregistrement &#8211; LD"},"content":{"rendered":"\t\t<div data-elementor-type=\"wp-page\" data-elementor-id=\"26389\" class=\"elementor elementor-26389\">\n\t\t\t\t\t\t<section class=\"elementor-section elementor-top-section elementor-element elementor-element-1e0b0a9d elementor-section-boxed elementor-section-height-default elementor-section-height-default\" data-id=\"1e0b0a9d\" data-element_type=\"section\">\n\t\t\t\t\t\t<div class=\"elementor-container elementor-column-gap-default\">\n\t\t\t\t\t<div class=\"elementor-column elementor-col-100 elementor-top-column elementor-element elementor-element-45eebfd9\" data-id=\"45eebfd9\" data-element_type=\"column\">\n\t\t\t<div class=\"elementor-widget-wrap elementor-element-populated\">\n\t\t\t\t\t\t<div class=\"elementor-element elementor-element-14933730 elementor-widget elementor-widget-text-editor\" data-id=\"14933730\" data-element_type=\"widget\" data-widget_type=\"text-editor.default\">\n\t\t\t\t<div class=\"elementor-widget-container\">\n\t\t\t\t\t\t\t\t\t<p>Merci de vous \u00eatre inscrit \u00e0 FSSLearning.com. Si vous vous \u00eates inscrit \u00e0 un cours, vous devriez le voir appara\u00eetre dans la liste ci-dessous. Si vous ne vous \u00eates pas encore inscrit, vous pouvez faire d\u00e9filer la liste des cours vers le bas de cette page ou cliquer <a href=\"https:\/\/elearning2.flightstartsolutions.com\/fr\/tous-les-cours\/\">ici<\/a>.<\/p>\n\t\t\t\t\t\t\t\t<\/div>\n\t\t\t\t<\/div>\n\t\t\t\t\t<\/div>\n\t\t<\/div>\n\t\t\t\t\t<\/div>\n\t\t<\/section>\n\t\t\t\t<section class=\"elementor-section elementor-top-section elementor-element elementor-element-4efb29e elementor-section-boxed elementor-section-height-default elementor-section-height-default\" data-id=\"4efb29e\" data-element_type=\"section\">\n\t\t\t\t\t\t<div class=\"elementor-container elementor-column-gap-default\">\n\t\t\t\t\t<div class=\"elementor-column elementor-col-100 elementor-top-column elementor-element elementor-element-4bcdfaf\" data-id=\"4bcdfaf\" data-element_type=\"column\">\n\t\t\t<div class=\"elementor-widget-wrap elementor-element-populated\">\n\t\t\t\t\t\t<div class=\"elementor-element elementor-element-d6978d2 elementor-widget elementor-widget-shortcode\" data-id=\"d6978d2\" data-element_type=\"widget\" data-widget_type=\"shortcode.default\">\n\t\t\t\t<div class=\"elementor-widget-container\">\n\t\t\t\t\t\t\t<div class=\"elementor-shortcode\">[ld_profile]<\/div>\n\t\t\t\t\t\t<\/div>\n\t\t\t\t<\/div>\n\t\t\t\t\t<\/div>\n\t\t<\/div>\n\t\t\t\t\t<\/div>\n\t\t<\/section>\n\t\t\t\t<section class=\"elementor-section elementor-top-section elementor-element elementor-element-1e7ac8a elementor-section-boxed elementor-section-height-default elementor-section-height-default\" data-id=\"1e7ac8a\" data-element_type=\"section\">\n\t\t\t\t\t\t<div class=\"elementor-container elementor-column-gap-default\">\n\t\t\t\t\t<div class=\"elementor-column elementor-col-100 elementor-top-column elementor-element elementor-element-c64e104\" data-id=\"c64e104\" data-element_type=\"column\">\n\t\t\t<div class=\"elementor-widget-wrap elementor-element-populated\">\n\t\t\t\t\t\t<div class=\"elementor-element elementor-element-5d850f9 elementor-widget elementor-widget-shortcode\" data-id=\"5d850f9\" data-element_type=\"widget\" data-widget_type=\"shortcode.default\">\n\t\t\t\t<div class=\"elementor-widget-container\">\n\t\t\t\t\t\t\t<div class=\"elementor-shortcode\">[ld_course_list progress_bar=\"true\" orderby=\"dsc\" col=\"3\"]<\/div>\n\t\t\t\t\t\t<\/div>\n\t\t\t\t<\/div>\n\t\t\t\t\t<\/div>\n\t\t<\/div>\n\t\t\t\t\t<\/div>\n\t\t<\/section>\n\t\t\t\t<\/div>\n\t\t","protected":false},"excerpt":{"rendered":"<p>Merci de vous \u00eatre inscrit \u00e0 FSSLearning.com. Si vous vous \u00eates inscrit \u00e0 un cours, vous devriez le voir appara\u00eetre dans la liste ci-dessous. Si vous ne vous \u00eates pas encore inscrit, vous pouvez faire d\u00e9filer la liste des cours vers le bas de cette page ou cliquer ici. [ld_profile][ld_course_list&#8230;<\/p>\n","protected":false},"author":5,"featured_media":0,"parent":0,"menu_order":0,"comment_status":"closed","ping_status":"closed","template":"elementor_theme","meta":{"footnotes":""},"class_list":["post-26389","page","type-page","status-publish","hentry"],"jetpack_sharing_enabled":true,"_links":{"self":[{"href":"https:\/\/elearning.flightstartsolutions.com\/index.php\/wp-json\/wp\/v2\/pages\/26389","targetHints":{"allow":["GET"]}}],"collection":[{"href":"https:\/\/elearning.flightstartsolutions.com\/index.php\/wp-json\/wp\/v2\/pages"}],"about":[{"href":"https:\/\/elearning.flightstartsolutions.com\/index.php\/wp-json\/wp\/v2\/types\/page"}],"author":[{"embeddable":true,"href":"https:\/\/elearning.flightstartsolutions.com\/index.php\/wp-json\/wp\/v2\/users\/5"}],"replies":[{"embeddable":true,"href":"https:\/\/elearning.flightstartsolutions.com\/index.php\/wp-json\/wp\/v2\/comments?post=26389"}],"version-history":[{"count":0,"href":"https:\/\/elearning.flightstartsolutions.com\/index.php\/wp-json\/wp\/v2\/pages\/26389\/revisions"}],"wp:attachment":[{"href":"https:\/\/elearning.flightstartsolutions.com\/index.php\/wp-json\/wp\/v2\/media?parent=26389"}],"curies":[{"name":"wp","href":"https:\/\/api.w.org\/{rel}","templated":true}]}}