{"id":871,"date":"2025-03-03T12:20:04","date_gmt":"2025-03-03T17:04:04","guid":{"rendered":"https:\/\/elearning.flightstartsolutions.com\/?p=871"},"modified":"2025-03-21T07:06:24","modified_gmt":"2025-03-21T12:06:24","slug":"les-hotels-sont-ils-vulnerables","status":"publish","type":"product","link":"https:\/\/elearning.flightstartsolutions.com\/index.php\/product\/les-hotels-sont-ils-vulnerables\/","title":{"rendered":"Les h\u00f4tels sont-ils vuln\u00e9rables ?"},"content":{"rendered":"<p>&nbsp;<\/p>\n<h2>Description du cours<\/h2>\n<p><strong>Pourquoi les h\u00f4tels sont-ils vuln\u00e9rables aux violations de donn\u00e9es ?<\/strong><\/p>\n<p>Les h\u00f4tels sont constamment la cible de violations de donn\u00e9es. Cela est d\u00fb en grande partie \u00e0 l&#8217;acc\u00e8s Wi-Fi que nous acceptons pour \u00eatre connect\u00e9s. Des actions telles que l&#8217;acc\u00e8s en ligne \u00e0 distance aux donn\u00e9es des entreprises, les paiements par carte de cr\u00e9dit et autres \u00e9changes d&#8217;informations augmentent la vuln\u00e9rabilit\u00e9.<\/p>\n<p><strong>Des syst\u00e8mes de s\u00e9curit\u00e9 surcharg\u00e9s<\/strong><\/p>\n<p>Les cam\u00e9ras de vid\u00e9osurveillance, les syst\u00e8mes d&#8217;alarme incendie et de fum\u00e9e, les contr\u00f4les d&#8217;acc\u00e8s, les alarmes anti-intrusion et autres deviennent souvent ing\u00e9rables si votre \u00e9quipe informatique est inefficace ou inexp\u00e9riment\u00e9e. Les pirates informatiques peuvent facilement s&#8217;introduire dans un syst\u00e8me de s\u00e9curit\u00e9 centralis\u00e9.<\/p>\n","protected":false},"excerpt":{"rendered":"<p>&nbsp; Description du cours Pourquoi les h\u00f4tels sont-ils vuln\u00e9rables aux violations de donn\u00e9es ? Les h\u00f4tels sont constamment la cible de violations de donn\u00e9es. Cela est d\u00fb en grande partie \u00e0 l&#8217;acc\u00e8s Wi-Fi que nous acceptons pour \u00eatre connect\u00e9s. Des actions telles que l&#8217;acc\u00e8s en ligne \u00e0 distance aux donn\u00e9es&#8230;<\/p>\n","protected":false},"featured_media":863,"comment_status":"closed","ping_status":"closed","template":"","meta":[],"product_brand":[],"product_cat":[],"product_tag":[],"class_list":{"0":"post-871","1":"product","2":"type-product","3":"status-publish","4":"has-post-thumbnail","7":"first","8":"instock","9":"virtual","10":"sold-individually","11":"taxable","12":"purchasable","13":"product-type-simple"},"jetpack_sharing_enabled":true,"_links":{"self":[{"href":"https:\/\/elearning.flightstartsolutions.com\/index.php\/wp-json\/wp\/v2\/product\/871","targetHints":{"allow":["GET"]}}],"collection":[{"href":"https:\/\/elearning.flightstartsolutions.com\/index.php\/wp-json\/wp\/v2\/product"}],"about":[{"href":"https:\/\/elearning.flightstartsolutions.com\/index.php\/wp-json\/wp\/v2\/types\/product"}],"replies":[{"embeddable":true,"href":"https:\/\/elearning.flightstartsolutions.com\/index.php\/wp-json\/wp\/v2\/comments?post=871"}],"wp:featuredmedia":[{"embeddable":true,"href":"https:\/\/elearning.flightstartsolutions.com\/index.php\/wp-json\/wp\/v2\/media\/863"}],"wp:attachment":[{"href":"https:\/\/elearning.flightstartsolutions.com\/index.php\/wp-json\/wp\/v2\/media?parent=871"}],"wp:term":[{"taxonomy":"product_brand","embeddable":true,"href":"https:\/\/elearning.flightstartsolutions.com\/index.php\/wp-json\/wp\/v2\/product_brand?post=871"},{"taxonomy":"product_cat","embeddable":true,"href":"https:\/\/elearning.flightstartsolutions.com\/index.php\/wp-json\/wp\/v2\/product_cat?post=871"},{"taxonomy":"product_tag","embeddable":true,"href":"https:\/\/elearning.flightstartsolutions.com\/index.php\/wp-json\/wp\/v2\/product_tag?post=871"}],"curies":[{"name":"wp","href":"https:\/\/api.w.org\/{rel}","templated":true}]}}