{"id":873,"date":"2025-03-08T12:05:05","date_gmt":"2025-03-03T17:04:05","guid":{"rendered":"https:\/\/elearning.flightstartsolutions.com\/?p=873"},"modified":"2025-03-20T11:08:48","modified_gmt":"2025-03-20T16:08:48","slug":"mini-cours-sur-la-cybersecurite-une-vue-densemble","status":"publish","type":"product","link":"https:\/\/elearning.flightstartsolutions.com\/index.php\/product\/mini-cours-sur-la-cybersecurite-une-vue-densemble\/","title":{"rendered":"Mini-cours sur la cybers\u00e9curit\u00e9 &#8211; Une vue d&#8217;ensemble"},"content":{"rendered":"\r\n\r\n\r\n<h2 class=\"wp-block-heading\">Description du cours<\/h2>\r\n\r\n\r\n\r\n<p><strong>Les principaux concepts couverts sont les suivants :<\/strong><\/p>\r\n\r\n\r\n\r\n<p><strong>Les organisations d&#8217;aujourd&#8217;hui sont confront\u00e9es \u00e0 des d\u00e9fis majeurs en mati\u00e8re de <\/strong><strong> <em>la cybers\u00e9curit\u00e9<\/em> <\/strong><strong>. La cr\u00e9ation, le traitement et le stockage des donn\u00e9es se font de plus en plus \u00e0 la p\u00e9riph\u00e9rie, ce qui accro\u00eet la complexit\u00e9 op\u00e9rationnelle et rend les flux de donn\u00e9es plus difficiles \u00e0 suivre.<\/strong><\/p>\r\n\r\n\r\n\r\n<ul class=\"wp-block-list\">\r\n<li><strong>Prot\u00e9gez vos syst\u00e8mes, votre r\u00e9seau et vos donn\u00e9es<\/strong><\/li>\r\n\r\n\r\n\r\n<li><strong>Prot\u00e9ger les donn\u00e9es sensibles et les informations personnelles identifiables (PII) <\/strong><\/li>\r\n\r\n\r\n\r\n<li><strong>Comprendre les exigences de s\u00e9curit\u00e9 des r\u00e8glements de conformit\u00e9<\/strong><\/li>\r\n<\/ul>\r\n","protected":false},"excerpt":{"rendered":"<p>Description du cours Les principaux concepts couverts sont les suivants : Les organisations d&#8217;aujourd&#8217;hui sont confront\u00e9es \u00e0 des d\u00e9fis majeurs en mati\u00e8re de la cybers\u00e9curit\u00e9 . La cr\u00e9ation, le traitement et le stockage des donn\u00e9es se font de plus en plus \u00e0 la p\u00e9riph\u00e9rie, ce qui accro\u00eet la complexit\u00e9 op\u00e9rationnelle&#8230;<\/p>\n","protected":false},"featured_media":869,"comment_status":"closed","ping_status":"closed","template":"","meta":[],"product_brand":[],"product_cat":[],"product_tag":[],"class_list":{"0":"post-873","1":"product","2":"type-product","3":"status-publish","4":"has-post-thumbnail","7":"first","8":"instock","9":"virtual","10":"sold-individually","11":"taxable","12":"purchasable","13":"product-type-simple"},"jetpack_sharing_enabled":true,"_links":{"self":[{"href":"https:\/\/elearning.flightstartsolutions.com\/index.php\/wp-json\/wp\/v2\/product\/873","targetHints":{"allow":["GET"]}}],"collection":[{"href":"https:\/\/elearning.flightstartsolutions.com\/index.php\/wp-json\/wp\/v2\/product"}],"about":[{"href":"https:\/\/elearning.flightstartsolutions.com\/index.php\/wp-json\/wp\/v2\/types\/product"}],"replies":[{"embeddable":true,"href":"https:\/\/elearning.flightstartsolutions.com\/index.php\/wp-json\/wp\/v2\/comments?post=873"}],"wp:featuredmedia":[{"embeddable":true,"href":"https:\/\/elearning.flightstartsolutions.com\/index.php\/wp-json\/wp\/v2\/media\/869"}],"wp:attachment":[{"href":"https:\/\/elearning.flightstartsolutions.com\/index.php\/wp-json\/wp\/v2\/media?parent=873"}],"wp:term":[{"taxonomy":"product_brand","embeddable":true,"href":"https:\/\/elearning.flightstartsolutions.com\/index.php\/wp-json\/wp\/v2\/product_brand?post=873"},{"taxonomy":"product_cat","embeddable":true,"href":"https:\/\/elearning.flightstartsolutions.com\/index.php\/wp-json\/wp\/v2\/product_cat?post=873"},{"taxonomy":"product_tag","embeddable":true,"href":"https:\/\/elearning.flightstartsolutions.com\/index.php\/wp-json\/wp\/v2\/product_tag?post=873"}],"curies":[{"name":"wp","href":"https:\/\/api.w.org\/{rel}","templated":true}]}}