{"id":883,"date":"2025-03-07T12:05:01","date_gmt":"2025-03-03T17:04:01","guid":{"rendered":"https:\/\/elearning.flightstartsolutions.com\/?p=883"},"modified":"2025-03-21T07:06:03","modified_gmt":"2025-03-21T12:06:03","slug":"cybersecurite-maritime-mini-cours","status":"publish","type":"product","link":"https:\/\/elearning.flightstartsolutions.com\/index.php\/product\/cybersecurite-maritime-mini-cours\/","title":{"rendered":"Cybers\u00e9curit\u00e9 maritime &#8211; Mini cours"},"content":{"rendered":"\r\n\r\n\r\n<h2 class=\"wp-block-heading\">Description du cours<\/h2>\r\n\r\n\r\n\r\n<p><strong>Les principaux concepts couverts sont les suivants :<\/strong><\/p>\r\n\r\n\r\n\r\n<p><strong>Le cyber-risque maritime est la mesure dans laquelle un actif technologique peut \u00eatre menac\u00e9 par une circonstance ou un \u00e9v\u00e9nement potentiel, qui peut entra\u00eener des d\u00e9faillances op\u00e9rationnelles, de s\u00e9curit\u00e9 ou de s\u00fbret\u00e9 li\u00e9es au transport maritime en raison de l&#8217;alt\u00e9ration, de la perte ou de la compromission d&#8217;informations ou de syst\u00e8mes.<\/strong><\/p>\r\n\r\n\r\n\r\n<p>&nbsp;<\/p>\r\n","protected":false},"excerpt":{"rendered":"<p>Description du cours Les principaux concepts couverts sont les suivants : Le cyber-risque maritime est la mesure dans laquelle un actif technologique peut \u00eatre menac\u00e9 par une circonstance ou un \u00e9v\u00e9nement potentiel, qui peut entra\u00eener des d\u00e9faillances op\u00e9rationnelles, de s\u00e9curit\u00e9 ou de s\u00fbret\u00e9 li\u00e9es au transport maritime en raison de&#8230;<\/p>\n","protected":false},"featured_media":684,"comment_status":"closed","ping_status":"closed","template":"","meta":[],"product_brand":[],"product_cat":[],"product_tag":[],"class_list":{"0":"post-883","1":"product","2":"type-product","3":"status-publish","4":"has-post-thumbnail","7":"first","8":"instock","9":"virtual","10":"sold-individually","11":"taxable","12":"purchasable","13":"product-type-simple"},"jetpack_sharing_enabled":true,"_links":{"self":[{"href":"https:\/\/elearning.flightstartsolutions.com\/index.php\/wp-json\/wp\/v2\/product\/883","targetHints":{"allow":["GET"]}}],"collection":[{"href":"https:\/\/elearning.flightstartsolutions.com\/index.php\/wp-json\/wp\/v2\/product"}],"about":[{"href":"https:\/\/elearning.flightstartsolutions.com\/index.php\/wp-json\/wp\/v2\/types\/product"}],"replies":[{"embeddable":true,"href":"https:\/\/elearning.flightstartsolutions.com\/index.php\/wp-json\/wp\/v2\/comments?post=883"}],"wp:featuredmedia":[{"embeddable":true,"href":"https:\/\/elearning.flightstartsolutions.com\/index.php\/wp-json\/wp\/v2\/media\/684"}],"wp:attachment":[{"href":"https:\/\/elearning.flightstartsolutions.com\/index.php\/wp-json\/wp\/v2\/media?parent=883"}],"wp:term":[{"taxonomy":"product_brand","embeddable":true,"href":"https:\/\/elearning.flightstartsolutions.com\/index.php\/wp-json\/wp\/v2\/product_brand?post=883"},{"taxonomy":"product_cat","embeddable":true,"href":"https:\/\/elearning.flightstartsolutions.com\/index.php\/wp-json\/wp\/v2\/product_cat?post=883"},{"taxonomy":"product_tag","embeddable":true,"href":"https:\/\/elearning.flightstartsolutions.com\/index.php\/wp-json\/wp\/v2\/product_tag?post=883"}],"curies":[{"name":"wp","href":"https:\/\/api.w.org\/{rel}","templated":true}]}}